{"id":748,"date":"2020-10-12T18:40:09","date_gmt":"2020-10-12T18:40:09","guid":{"rendered":"https:\/\/kacvinska.maethril.net\/?page_id=748"},"modified":"2021-03-31T16:54:20","modified_gmt":"2021-03-31T16:54:20","slug":"filler-2","status":"publish","type":"page","link":"https:\/\/kacvinska.com\/?page_id=748","title":{"rendered":"Landscape"},"content":{"rendered":"\t\t<div data-elementor-type=\"wp-page\" data-elementor-id=\"748\" class=\"elementor elementor-748\" data-elementor-settings=\"[]\">\n\t\t\t\t\t\t<div class=\"elementor-inner\">\n\t\t\t\t\t\t\t<div class=\"elementor-section-wrap\">\n\t\t\t\t\t\t\t<section class=\"elementor-section elementor-top-section elementor-element elementor-element-f4491f0 elementor-section-full_width elementor-section-height-default elementor-section-height-default\" data-id=\"f4491f0\" data-element_type=\"section\">\n\t\t\t\t\t\t<div class=\"elementor-container elementor-column-gap-default\">\n\t\t\t\t\t\t\t<div class=\"elementor-row\">\n\t\t\t\t\t<div class=\"elementor-column elementor-col-100 elementor-top-column elementor-element elementor-element-93762a2\" data-id=\"93762a2\" data-element_type=\"column\">\n\t\t\t<div class=\"elementor-column-wrap elementor-element-populated\">\n\t\t\t\t\t\t\t<div class=\"elementor-widget-wrap\">\n\t\t\t\t\t\t<div class=\"elementor-element elementor-element-907e31e elementor-grid-3 elementor-grid-tablet-2 elementor-grid-mobile-1 eael-fg-hoverer-content-align-left elementor-widget elementor-widget-eael-filterable-gallery\" data-id=\"907e31e\" data-element_type=\"widget\" data-settings=\"{&quot;pagination&quot;:&quot;yes&quot;,&quot;columns&quot;:&quot;3&quot;,&quot;columns_tablet&quot;:&quot;2&quot;,&quot;columns_mobile&quot;:&quot;1&quot;,&quot;photo_gallery&quot;:&quot;yes&quot;}\" data-widget_type=\"eael-filterable-gallery.default\">\n\t\t\t\t<div class=\"elementor-widget-container\">\n\t\t\t        <div id=\"eael-filter-gallery-wrapper-907e31e\" class=\"eael-filter-gallery-wrapper\" data-layout-mode=\"hoverer\" data-mfp_caption=\"\">\n            \n            \n            <div class=\"eael-filter-gallery-container masonry\" data-images-per-page=\"6\" data-total-gallery-items=\"6\" data-nomore-item-text=\"No more items!\" data-settings=\"{&quot;grid_style&quot;:&quot;masonry&quot;,&quot;popup&quot;:&quot;buttons&quot;,&quot;duration&quot;:500,&quot;gallery_enabled&quot;:&quot;yes&quot;,&quot;post_id&quot;:748,&quot;widget_id&quot;:&quot;907e31e&quot;}\" data-gallery-items=\"[&quot;&lt;div class=\\&quot;eael-filterable-gallery-item-wrap\\&quot;&gt;\\n\\t\\t\\t\\t&lt;div class=\\&quot;eael-gallery-grid-item\\&quot;&gt;&lt;div class=\\&quot;gallery-item-thumbnail-wrap\\&quot;&gt;&lt;img src=\\&quot;https:\\\/\\\/kacvinska.com\\\/wp-content\\\/uploads\\\/2021\\\/03\\\/DSC02519.jpg\\&quot; data-lazy-src=\\&quot;https:\\\/\\\/kacvinska.com\\\/wp-content\\\/uploads\\\/2021\\\/03\\\/DSC02519.jpg\\&quot; alt=\\&quot;\\&quot; class=\\&quot;gallery-item-thumbnail\\&quot;&gt;&lt;\\\/div&gt;&lt;div class=\\&quot;gallery-item-caption-wrap caption-style-hoverer eael-slide-up\\&quot;&gt;&lt;div class=\\&quot;gallery-item-hoverer-bg\\&quot;&gt;&lt;\\\/div&gt;&lt;div class=\\&quot;gallery-item-caption-over\\&quot;&gt;&lt;h5 class=\\&quot;fg-item-title\\&quot;&gt;Mo\\u010diar&lt;\\\/h5&gt;&lt;div class=\\&quot;fg-item-content\\&quot;&gt;&lt;p&gt;oil on canvas 30 x 40 cm&lt;\\\/p&gt;\\n&lt;\\\/div&gt;&lt;div class=\\&quot;gallery-item-buttons\\&quot;&gt;&lt;a href=\\&quot;https:\\\/\\\/kacvinska.com\\\/wp-content\\\/uploads\\\/2021\\\/03\\\/DSC02519.jpg\\&quot; class=\\&quot;eael-magnific-link\\&quot; data-elementor-open-lightbox=\\&quot;no\\&quot;&gt;&lt;span class=\\&quot;fg-item-icon-inner\\&quot;&gt;&lt;i class=\\&quot;fas fa-search-plus\\&quot; aria-hidden=\\&quot;true\\&quot;&gt;&lt;\\\/i&gt;&lt;\\\/span&gt;\\n            &lt;\\\/a&gt;&lt;a href=\\&quot;#\\&quot;&gt;&lt;span class=\\&quot;fg-item-icon-inner\\&quot;&gt;&lt;i class=\\&quot;fas fa-link\\&quot; aria-hidden=\\&quot;true\\&quot;&gt;&lt;\\\/i&gt;&lt;\\\/span&gt;&lt;\\\/a&gt;&lt;\\\/div&gt;&lt;\\\/div&gt;&lt;\\\/div&gt;&lt;\\\/div&gt;&lt;\\\/div&gt;&quot;,&quot;&lt;div class=\\&quot;eael-filterable-gallery-item-wrap\\&quot;&gt;\\n\\t\\t\\t\\t&lt;div class=\\&quot;eael-gallery-grid-item\\&quot;&gt;&lt;div class=\\&quot;gallery-item-thumbnail-wrap\\&quot;&gt;&lt;img src=\\&quot;https:\\\/\\\/kacvinska.com\\\/wp-content\\\/uploads\\\/2021\\\/03\\\/jurajov-obr-decompres.jpg\\&quot; data-lazy-src=\\&quot;https:\\\/\\\/kacvinska.com\\\/wp-content\\\/uploads\\\/2021\\\/03\\\/jurajov-obr-decompres.jpg\\&quot; alt=\\&quot;\\&quot; class=\\&quot;gallery-item-thumbnail\\&quot;&gt;&lt;\\\/div&gt;&lt;div class=\\&quot;gallery-item-caption-wrap caption-style-hoverer eael-slide-up\\&quot;&gt;&lt;div class=\\&quot;gallery-item-hoverer-bg\\&quot;&gt;&lt;\\\/div&gt;&lt;div class=\\&quot;gallery-item-caption-over\\&quot;&gt;&lt;h5 class=\\&quot;fg-item-title\\&quot;&gt;Vysok\\u00e9 Tatry&lt;\\\/h5&gt;&lt;div class=\\&quot;fg-item-content\\&quot;&gt;&lt;p&gt;oil on canvas 100 x 70 cm&lt;\\\/p&gt;\\n&lt;\\\/div&gt;&lt;div class=\\&quot;gallery-item-buttons\\&quot;&gt;&lt;a href=\\&quot;https:\\\/\\\/kacvinska.com\\\/wp-content\\\/uploads\\\/2021\\\/03\\\/jurajov-obr-decompres.jpg\\&quot; class=\\&quot;eael-magnific-link\\&quot; data-elementor-open-lightbox=\\&quot;no\\&quot;&gt;&lt;span class=\\&quot;fg-item-icon-inner\\&quot;&gt;&lt;i class=\\&quot;fas fa-search-plus\\&quot; aria-hidden=\\&quot;true\\&quot;&gt;&lt;\\\/i&gt;&lt;\\\/span&gt;\\n            &lt;\\\/a&gt;&lt;a href=\\&quot;#\\&quot;&gt;&lt;span class=\\&quot;fg-item-icon-inner\\&quot;&gt;&lt;i class=\\&quot;fas fa-link\\&quot; aria-hidden=\\&quot;true\\&quot;&gt;&lt;\\\/i&gt;&lt;\\\/span&gt;&lt;\\\/a&gt;&lt;\\\/div&gt;&lt;\\\/div&gt;&lt;\\\/div&gt;&lt;\\\/div&gt;&lt;\\\/div&gt;&quot;,&quot;&lt;div class=\\&quot;eael-filterable-gallery-item-wrap\\&quot;&gt;\\n\\t\\t\\t\\t&lt;div class=\\&quot;eael-gallery-grid-item\\&quot;&gt;&lt;div class=\\&quot;gallery-item-thumbnail-wrap\\&quot;&gt;&lt;img src=\\&quot;https:\\\/\\\/kacvinska.com\\\/wp-content\\\/uploads\\\/2021\\\/03\\\/IMG_20181127_183056.jpg\\&quot; data-lazy-src=\\&quot;https:\\\/\\\/kacvinska.com\\\/wp-content\\\/uploads\\\/2021\\\/03\\\/IMG_20181127_183056.jpg\\&quot; alt=\\&quot;\\&quot; class=\\&quot;gallery-item-thumbnail\\&quot;&gt;&lt;\\\/div&gt;&lt;div class=\\&quot;gallery-item-caption-wrap caption-style-hoverer eael-slide-up\\&quot;&gt;&lt;div class=\\&quot;gallery-item-hoverer-bg\\&quot;&gt;&lt;\\\/div&gt;&lt;div class=\\&quot;gallery-item-caption-over\\&quot;&gt;&lt;h5 class=\\&quot;fg-item-title\\&quot;&gt;Untitled&lt;\\\/h5&gt;&lt;div class=\\&quot;fg-item-content\\&quot;&gt;&lt;p&gt;oil on canvas 30 x 50 cm&lt;\\\/p&gt;\\n&lt;\\\/div&gt;&lt;div class=\\&quot;gallery-item-buttons\\&quot;&gt;&lt;a href=\\&quot;https:\\\/\\\/kacvinska.com\\\/wp-content\\\/uploads\\\/2021\\\/03\\\/IMG_20181127_183056.jpg\\&quot; class=\\&quot;eael-magnific-link\\&quot; data-elementor-open-lightbox=\\&quot;no\\&quot;&gt;&lt;span class=\\&quot;fg-item-icon-inner\\&quot;&gt;&lt;i class=\\&quot;fas fa-search-plus\\&quot; aria-hidden=\\&quot;true\\&quot;&gt;&lt;\\\/i&gt;&lt;\\\/span&gt;\\n            &lt;\\\/a&gt;&lt;a href=\\&quot;#\\&quot;&gt;&lt;span class=\\&quot;fg-item-icon-inner\\&quot;&gt;&lt;i class=\\&quot;fas fa-link\\&quot; aria-hidden=\\&quot;true\\&quot;&gt;&lt;\\\/i&gt;&lt;\\\/span&gt;&lt;\\\/a&gt;&lt;\\\/div&gt;&lt;\\\/div&gt;&lt;\\\/div&gt;&lt;\\\/div&gt;&lt;\\\/div&gt;&quot;,&quot;&lt;div class=\\&quot;eael-filterable-gallery-item-wrap\\&quot;&gt;\\n\\t\\t\\t\\t&lt;div class=\\&quot;eael-gallery-grid-item\\&quot;&gt;&lt;div class=\\&quot;gallery-item-thumbnail-wrap\\&quot;&gt;&lt;img src=\\&quot;https:\\\/\\\/kacvinska.com\\\/wp-content\\\/uploads\\\/2020\\\/09\\\/22.jpg\\&quot; data-lazy-src=\\&quot;https:\\\/\\\/kacvinska.com\\\/wp-content\\\/uploads\\\/2020\\\/09\\\/22.jpg\\&quot; alt=\\&quot;\\&quot; class=\\&quot;gallery-item-thumbnail\\&quot;&gt;&lt;\\\/div&gt;&lt;div class=\\&quot;gallery-item-caption-wrap caption-style-hoverer eael-slide-up\\&quot;&gt;&lt;div class=\\&quot;gallery-item-hoverer-bg\\&quot;&gt;&lt;\\\/div&gt;&lt;div class=\\&quot;gallery-item-caption-over\\&quot;&gt;&lt;h5 class=\\&quot;fg-item-title\\&quot;&gt;Tatry po kalamite v 2004&lt;\\\/h5&gt;&lt;div class=\\&quot;fg-item-content\\&quot;&gt;&lt;p&gt;acrylic on canvas 60 x 90 cm&lt;\\\/p&gt;\\n&lt;\\\/div&gt;&lt;div class=\\&quot;gallery-item-buttons\\&quot;&gt;&lt;a href=\\&quot;https:\\\/\\\/kacvinska.com\\\/wp-content\\\/uploads\\\/2020\\\/09\\\/22.jpg\\&quot; class=\\&quot;eael-magnific-link\\&quot; data-elementor-open-lightbox=\\&quot;no\\&quot;&gt;&lt;span class=\\&quot;fg-item-icon-inner\\&quot;&gt;&lt;i class=\\&quot;fas fa-search-plus\\&quot; aria-hidden=\\&quot;true\\&quot;&gt;&lt;\\\/i&gt;&lt;\\\/span&gt;\\n            &lt;\\\/a&gt;&lt;a href=\\&quot;#\\&quot;&gt;&lt;span class=\\&quot;fg-item-icon-inner\\&quot;&gt;&lt;i class=\\&quot;fas fa-link\\&quot; aria-hidden=\\&quot;true\\&quot;&gt;&lt;\\\/i&gt;&lt;\\\/span&gt;&lt;\\\/a&gt;&lt;\\\/div&gt;&lt;\\\/div&gt;&lt;\\\/div&gt;&lt;\\\/div&gt;&lt;\\\/div&gt;&quot;,&quot;&lt;div class=\\&quot;eael-filterable-gallery-item-wrap\\&quot;&gt;\\n\\t\\t\\t\\t&lt;div class=\\&quot;eael-gallery-grid-item\\&quot;&gt;&lt;div class=\\&quot;gallery-item-thumbnail-wrap\\&quot;&gt;&lt;img src=\\&quot;https:\\\/\\\/kacvinska.com\\\/wp-content\\\/uploads\\\/2021\\\/03\\\/DSC03536-orez-2.jpg\\&quot; data-lazy-src=\\&quot;https:\\\/\\\/kacvinska.com\\\/wp-content\\\/uploads\\\/2021\\\/03\\\/DSC03536-orez-2.jpg\\&quot; alt=\\&quot;\\&quot; class=\\&quot;gallery-item-thumbnail\\&quot;&gt;&lt;\\\/div&gt;&lt;div class=\\&quot;gallery-item-caption-wrap caption-style-hoverer eael-slide-up\\&quot;&gt;&lt;div class=\\&quot;gallery-item-hoverer-bg\\&quot;&gt;&lt;\\\/div&gt;&lt;div class=\\&quot;gallery-item-caption-over\\&quot;&gt;&lt;h5 class=\\&quot;fg-item-title\\&quot;&gt;B\\u00farkov\\u00e9 mra\\u010dna&lt;\\\/h5&gt;&lt;div class=\\&quot;fg-item-content\\&quot;&gt;&lt;p&gt;oil in canvas 50 x 60 cm&lt;\\\/p&gt;\\n&lt;\\\/div&gt;&lt;div class=\\&quot;gallery-item-buttons\\&quot;&gt;&lt;a href=\\&quot;https:\\\/\\\/kacvinska.com\\\/wp-content\\\/uploads\\\/2021\\\/03\\\/DSC03536-orez-2.jpg\\&quot; class=\\&quot;eael-magnific-link\\&quot; data-elementor-open-lightbox=\\&quot;no\\&quot;&gt;&lt;span class=\\&quot;fg-item-icon-inner\\&quot;&gt;&lt;i class=\\&quot;fas fa-search-plus\\&quot; aria-hidden=\\&quot;true\\&quot;&gt;&lt;\\\/i&gt;&lt;\\\/span&gt;\\n            &lt;\\\/a&gt;&lt;a href=\\&quot;#\\&quot;&gt;&lt;span class=\\&quot;fg-item-icon-inner\\&quot;&gt;&lt;i class=\\&quot;fas fa-link\\&quot; aria-hidden=\\&quot;true\\&quot;&gt;&lt;\\\/i&gt;&lt;\\\/span&gt;&lt;\\\/a&gt;&lt;\\\/div&gt;&lt;\\\/div&gt;&lt;\\\/div&gt;&lt;\\\/div&gt;&lt;\\\/div&gt;&quot;,&quot;&lt;div class=\\&quot;eael-filterable-gallery-item-wrap eael-cf-space-odyssey\\&quot;&gt;\\n\\t\\t\\t\\t&lt;div class=\\&quot;eael-gallery-grid-item\\&quot;&gt;&lt;div class=\\&quot;gallery-item-thumbnail-wrap\\&quot;&gt;&lt;img src=\\&quot;https:\\\/\\\/kacvinska.com\\\/wp-content\\\/uploads\\\/2021\\\/03\\\/DSC03551.jpg\\&quot; data-lazy-src=\\&quot;https:\\\/\\\/kacvinska.com\\\/wp-content\\\/uploads\\\/2021\\\/03\\\/DSC03551.jpg\\&quot; alt=\\&quot;\\&quot; class=\\&quot;gallery-item-thumbnail\\&quot;&gt;&lt;\\\/div&gt;&lt;div class=\\&quot;gallery-item-caption-wrap caption-style-hoverer eael-slide-up\\&quot;&gt;&lt;div class=\\&quot;gallery-item-hoverer-bg\\&quot;&gt;&lt;\\\/div&gt;&lt;div class=\\&quot;gallery-item-caption-over\\&quot;&gt;&lt;h5 class=\\&quot;fg-item-title\\&quot;&gt;Space Odyssey&lt;\\\/h5&gt;&lt;div class=\\&quot;fg-item-content\\&quot;&gt;&lt;p&gt;acrylic on paper&lt;\\\/p&gt;\\n&lt;\\\/div&gt;&lt;div class=\\&quot;gallery-item-buttons\\&quot;&gt;&lt;a href=\\&quot;https:\\\/\\\/kacvinska.com\\\/wp-content\\\/uploads\\\/2021\\\/03\\\/DSC03551.jpg\\&quot; class=\\&quot;eael-magnific-link\\&quot; data-elementor-open-lightbox=\\&quot;no\\&quot;&gt;&lt;span class=\\&quot;fg-item-icon-inner\\&quot;&gt;&lt;i class=\\&quot;fas fa-search-plus\\&quot; aria-hidden=\\&quot;true\\&quot;&gt;&lt;\\\/i&gt;&lt;\\\/span&gt;\\n            &lt;\\\/a&gt;&lt;a href=\\&quot;#\\&quot;&gt;&lt;span class=\\&quot;fg-item-icon-inner\\&quot;&gt;&lt;i class=\\&quot;fas fa-link\\&quot; aria-hidden=\\&quot;true\\&quot;&gt;&lt;\\\/i&gt;&lt;\\\/span&gt;&lt;\\\/a&gt;&lt;\\\/div&gt;&lt;\\\/div&gt;&lt;\\\/div&gt;&lt;\\\/div&gt;&lt;\\\/div&gt;&quot;]\" data-init-show=\"9\">\n                <div class=\"eael-filterable-gallery-item-wrap\">\n\t\t\t\t<div class=\"eael-gallery-grid-item\"><div class=\"gallery-item-thumbnail-wrap\"><img src=\"https:\/\/kacvinska.com\/wp-content\/uploads\/2021\/03\/DSC02519.jpg\" data-lazy-src=\"https:\/\/kacvinska.com\/wp-content\/uploads\/2021\/03\/DSC02519.jpg\" alt=\"\" class=\"gallery-item-thumbnail\"><\/div><div class=\"gallery-item-caption-wrap caption-style-hoverer eael-slide-up\"><div class=\"gallery-item-hoverer-bg\"><\/div><div class=\"gallery-item-caption-over\"><h5 class=\"fg-item-title\">Mo\u010diar<\/h5><div class=\"fg-item-content\"><p>oil on canvas 30 x 40 cm<\/p>\n<\/div><div class=\"gallery-item-buttons\"><a href=\"https:\/\/kacvinska.com\/wp-content\/uploads\/2021\/03\/DSC02519.jpg\" class=\"eael-magnific-link\" data-elementor-open-lightbox=\"no\"><span class=\"fg-item-icon-inner\"><i class=\"fas fa-search-plus\" aria-hidden=\"true\"><\/i><\/span>\n            <\/a><a href=\"#\"><span class=\"fg-item-icon-inner\"><i class=\"fas fa-link\" aria-hidden=\"true\"><\/i><\/span><\/a><\/div><\/div><\/div><\/div><\/div><div class=\"eael-filterable-gallery-item-wrap\">\n\t\t\t\t<div class=\"eael-gallery-grid-item\"><div class=\"gallery-item-thumbnail-wrap\"><img src=\"https:\/\/kacvinska.com\/wp-content\/uploads\/2021\/03\/jurajov-obr-decompres.jpg\" data-lazy-src=\"https:\/\/kacvinska.com\/wp-content\/uploads\/2021\/03\/jurajov-obr-decompres.jpg\" alt=\"\" class=\"gallery-item-thumbnail\"><\/div><div class=\"gallery-item-caption-wrap caption-style-hoverer eael-slide-up\"><div class=\"gallery-item-hoverer-bg\"><\/div><div class=\"gallery-item-caption-over\"><h5 class=\"fg-item-title\">Vysok\u00e9 Tatry<\/h5><div class=\"fg-item-content\"><p>oil on canvas 100 x 70 cm<\/p>\n<\/div><div class=\"gallery-item-buttons\"><a href=\"https:\/\/kacvinska.com\/wp-content\/uploads\/2021\/03\/jurajov-obr-decompres.jpg\" class=\"eael-magnific-link\" data-elementor-open-lightbox=\"no\"><span class=\"fg-item-icon-inner\"><i class=\"fas fa-search-plus\" aria-hidden=\"true\"><\/i><\/span>\n            <\/a><a href=\"#\"><span class=\"fg-item-icon-inner\"><i class=\"fas fa-link\" aria-hidden=\"true\"><\/i><\/span><\/a><\/div><\/div><\/div><\/div><\/div><div class=\"eael-filterable-gallery-item-wrap\">\n\t\t\t\t<div class=\"eael-gallery-grid-item\"><div class=\"gallery-item-thumbnail-wrap\"><img src=\"https:\/\/kacvinska.com\/wp-content\/uploads\/2021\/03\/IMG_20181127_183056.jpg\" data-lazy-src=\"https:\/\/kacvinska.com\/wp-content\/uploads\/2021\/03\/IMG_20181127_183056.jpg\" alt=\"\" class=\"gallery-item-thumbnail\"><\/div><div class=\"gallery-item-caption-wrap caption-style-hoverer eael-slide-up\"><div class=\"gallery-item-hoverer-bg\"><\/div><div class=\"gallery-item-caption-over\"><h5 class=\"fg-item-title\">Untitled<\/h5><div class=\"fg-item-content\"><p>oil on canvas 30 x 50 cm<\/p>\n<\/div><div class=\"gallery-item-buttons\"><a href=\"https:\/\/kacvinska.com\/wp-content\/uploads\/2021\/03\/IMG_20181127_183056.jpg\" class=\"eael-magnific-link\" data-elementor-open-lightbox=\"no\"><span class=\"fg-item-icon-inner\"><i class=\"fas fa-search-plus\" aria-hidden=\"true\"><\/i><\/span>\n            <\/a><a href=\"#\"><span class=\"fg-item-icon-inner\"><i class=\"fas fa-link\" aria-hidden=\"true\"><\/i><\/span><\/a><\/div><\/div><\/div><\/div><\/div><div class=\"eael-filterable-gallery-item-wrap\">\n\t\t\t\t<div class=\"eael-gallery-grid-item\"><div class=\"gallery-item-thumbnail-wrap\"><img src=\"https:\/\/kacvinska.com\/wp-content\/uploads\/2020\/09\/22.jpg\" data-lazy-src=\"https:\/\/kacvinska.com\/wp-content\/uploads\/2020\/09\/22.jpg\" alt=\"\" class=\"gallery-item-thumbnail\"><\/div><div class=\"gallery-item-caption-wrap caption-style-hoverer eael-slide-up\"><div class=\"gallery-item-hoverer-bg\"><\/div><div class=\"gallery-item-caption-over\"><h5 class=\"fg-item-title\">Tatry po kalamite v 2004<\/h5><div class=\"fg-item-content\"><p>acrylic on canvas 60 x 90 cm<\/p>\n<\/div><div class=\"gallery-item-buttons\"><a href=\"https:\/\/kacvinska.com\/wp-content\/uploads\/2020\/09\/22.jpg\" class=\"eael-magnific-link\" data-elementor-open-lightbox=\"no\"><span class=\"fg-item-icon-inner\"><i class=\"fas fa-search-plus\" aria-hidden=\"true\"><\/i><\/span>\n            <\/a><a href=\"#\"><span class=\"fg-item-icon-inner\"><i class=\"fas fa-link\" aria-hidden=\"true\"><\/i><\/span><\/a><\/div><\/div><\/div><\/div><\/div><div class=\"eael-filterable-gallery-item-wrap\">\n\t\t\t\t<div class=\"eael-gallery-grid-item\"><div class=\"gallery-item-thumbnail-wrap\"><img src=\"https:\/\/kacvinska.com\/wp-content\/uploads\/2021\/03\/DSC03536-orez-2.jpg\" data-lazy-src=\"https:\/\/kacvinska.com\/wp-content\/uploads\/2021\/03\/DSC03536-orez-2.jpg\" alt=\"\" class=\"gallery-item-thumbnail\"><\/div><div class=\"gallery-item-caption-wrap caption-style-hoverer eael-slide-up\"><div class=\"gallery-item-hoverer-bg\"><\/div><div class=\"gallery-item-caption-over\"><h5 class=\"fg-item-title\">B\u00farkov\u00e9 mra\u010dna<\/h5><div class=\"fg-item-content\"><p>oil in canvas 50 x 60 cm<\/p>\n<\/div><div class=\"gallery-item-buttons\"><a href=\"https:\/\/kacvinska.com\/wp-content\/uploads\/2021\/03\/DSC03536-orez-2.jpg\" class=\"eael-magnific-link\" data-elementor-open-lightbox=\"no\"><span class=\"fg-item-icon-inner\"><i class=\"fas fa-search-plus\" aria-hidden=\"true\"><\/i><\/span>\n            <\/a><a href=\"#\"><span class=\"fg-item-icon-inner\"><i class=\"fas fa-link\" aria-hidden=\"true\"><\/i><\/span><\/a><\/div><\/div><\/div><\/div><\/div><div class=\"eael-filterable-gallery-item-wrap eael-cf-space-odyssey\">\n\t\t\t\t<div class=\"eael-gallery-grid-item\"><div class=\"gallery-item-thumbnail-wrap\"><img src=\"https:\/\/kacvinska.com\/wp-content\/uploads\/2021\/03\/DSC03551.jpg\" data-lazy-src=\"https:\/\/kacvinska.com\/wp-content\/uploads\/2021\/03\/DSC03551.jpg\" alt=\"\" class=\"gallery-item-thumbnail\"><\/div><div class=\"gallery-item-caption-wrap caption-style-hoverer eael-slide-up\"><div class=\"gallery-item-hoverer-bg\"><\/div><div class=\"gallery-item-caption-over\"><h5 class=\"fg-item-title\">Space Odyssey<\/h5><div class=\"fg-item-content\"><p>acrylic on paper<\/p>\n<\/div><div class=\"gallery-item-buttons\"><a href=\"https:\/\/kacvinska.com\/wp-content\/uploads\/2021\/03\/DSC03551.jpg\" class=\"eael-magnific-link\" data-elementor-open-lightbox=\"no\"><span class=\"fg-item-icon-inner\"><i class=\"fas fa-search-plus\" aria-hidden=\"true\"><\/i><\/span>\n            <\/a><a href=\"#\"><span class=\"fg-item-icon-inner\"><i class=\"fas fa-link\" aria-hidden=\"true\"><\/i><\/span><\/a><\/div><\/div><\/div><\/div><\/div>            <\/div>\n            \n                        <div class=\"eael-filterable-gallery-loadmore\">\n                <a href=\"#\" class=\"eael-gallery-load-more elementor-button elementor-size-sm\">\n                    <span class=\"eael-btn-loader\"><\/span>\n                                        <span class=\"eael-filterable-gallery-load-more-text\">\n                        Load More                    <\/span>\n                                                                                                        <span class=\"eael-filterable-gallery-load-more-icon fg-load-more-icon-right \" aria-hidden=\"true\"><\/span>\n                                                                                        <\/a>\n            <\/div>\n                <\/div>\n        \n        \t\t<\/div>\n\t\t\t\t<\/div>\n\t\t\t\t\t\t<\/div>\n\t\t\t\t\t<\/div>\n\t\t<\/div>\n\t\t\t\t\t\t\t\t<\/div>\n\t\t\t\t\t<\/div>\n\t\t<\/section>\n\t\t\t\t<section class=\"elementor-section elementor-top-section elementor-element elementor-element-0f4d709 elementor-section-boxed elementor-section-height-default elementor-section-height-default\" data-id=\"0f4d709\" data-element_type=\"section\">\n\t\t\t\t\t\t<div class=\"elementor-container elementor-column-gap-default\">\n\t\t\t\t\t\t\t<div class=\"elementor-row\">\n\t\t\t\t\t<div class=\"elementor-column elementor-col-100 elementor-top-column elementor-element elementor-element-4b6860e\" data-id=\"4b6860e\" data-element_type=\"column\">\n\t\t\t<div class=\"elementor-column-wrap elementor-element-populated\">\n\t\t\t\t\t\t\t<div class=\"elementor-widget-wrap\">\n\t\t\t\t\t\t<div class=\"elementor-element elementor-element-7659188 elementor-widget elementor-widget-heading\" data-id=\"7659188\" data-element_type=\"widget\" data-widget_type=\"heading.default\">\n\t\t\t\t<div class=\"elementor-widget-container\">\n\t\t\t<h4 class=\"elementor-heading-title elementor-size-default\">KacvinskaKarolina@gmail.com<\/h4>\t\t<\/div>\n\t\t\t\t<\/div>\n\t\t\t\t\t\t<\/div>\n\t\t\t\t\t<\/div>\n\t\t<\/div>\n\t\t\t\t\t\t\t\t<\/div>\n\t\t\t\t\t<\/div>\n\t\t<\/section>\n\t\t\t\t\t\t<\/div>\n\t\t\t\t\t\t<\/div>\n\t\t\t\t\t<\/div>\n\t\t","protected":false},"excerpt":{"rendered":"<p>Mo\u010diar oil on canvas 30 x 40 cm Vysok\u00e9 Tatry oil on canvas 100 x 70 cm Untitled oil on canvas 30 x 50 cm Tatry po kalamite v 2004 acrylic on canvas 60 x 90 cm B\u00farkov\u00e9 mra\u010dna oil in canvas 50 x 60 cm Space Odyssey acrylic on paper Load More KacvinskaKarolina@gmail.com<\/p>\n","protected":false},"author":1,"featured_media":0,"parent":0,"menu_order":0,"comment_status":"closed","ping_status":"closed","template":"","meta":[],"_links":{"self":[{"href":"https:\/\/kacvinska.com\/index.php?rest_route=\/wp\/v2\/pages\/748"}],"collection":[{"href":"https:\/\/kacvinska.com\/index.php?rest_route=\/wp\/v2\/pages"}],"about":[{"href":"https:\/\/kacvinska.com\/index.php?rest_route=\/wp\/v2\/types\/page"}],"author":[{"embeddable":true,"href":"https:\/\/kacvinska.com\/index.php?rest_route=\/wp\/v2\/users\/1"}],"replies":[{"embeddable":true,"href":"https:\/\/kacvinska.com\/index.php?rest_route=%2Fwp%2Fv2%2Fcomments&post=748"}],"version-history":[{"count":14,"href":"https:\/\/kacvinska.com\/index.php?rest_route=\/wp\/v2\/pages\/748\/revisions"}],"predecessor-version":[{"id":1056,"href":"https:\/\/kacvinska.com\/index.php?rest_route=\/wp\/v2\/pages\/748\/revisions\/1056"}],"wp:attachment":[{"href":"https:\/\/kacvinska.com\/index.php?rest_route=%2Fwp%2Fv2%2Fmedia&parent=748"}],"curies":[{"name":"wp","href":"https:\/\/api.w.org\/{rel}","templated":true}]}}